{"id":410,"date":"2018-03-15T22:07:22","date_gmt":"2018-03-15T21:07:22","guid":{"rendered":"http:\/\/www.janbode.de\/?page_id=410"},"modified":"2021-01-07T14:45:52","modified_gmt":"2021-01-07T13:45:52","slug":"mentions-legales-disclaimer","status":"publish","type":"page","link":"https:\/\/www.janbode.de\/fr\/mentions-legales-disclaimer\/","title":{"rendered":"Mentions l\u00e9gales &#038; Disclaimer"},"content":{"rendered":"\n<div role=\"navigation\" aria-label=\"S\u00e9lecteur de langue\" class=\"wpml-ls-statics-footer wpml-ls wpml-ls-legacy-list-horizontal\">\n\t<ul><li class=\"wpml-ls-slot-footer wpml-ls-item wpml-ls-item-en wpml-ls-first-item wpml-ls-item-legacy-list-horizontal\">\n\t\t\t\t<a href=\"https:\/\/www.janbode.de\/\" hreflang=\"en\" lang=\"en\" class=\"wpml-ls-link\" aria-label=\"Passer \u00e0 English\" title=\"Passer \u00e0 English\">\n\t\t\t\t\t<span class=\"wpml-ls-native\">English<\/span><\/a>\n\t\t\t<\/li><li class=\"wpml-ls-slot-footer wpml-ls-item wpml-ls-item-de wpml-ls-item-legacy-list-horizontal\">\n\t\t\t\t<a href=\"https:\/\/www.janbode.de\/de\/\" hreflang=\"de\" lang=\"de\" class=\"wpml-ls-link\" aria-label=\"Passer \u00e0 Deutsch\" title=\"Passer \u00e0 Deutsch\">\n\t\t\t\t\t<span class=\"wpml-ls-native\">Deutsch<\/span><\/a>\n\t\t\t<\/li><li class=\"wpml-ls-slot-footer wpml-ls-item wpml-ls-item-fr wpml-ls-current-language wpml-ls-last-item wpml-ls-item-legacy-list-horizontal\">\n\t\t\t\t<a href=\"https:\/\/www.janbode.de\/fr\/\" hreflang=\"fr\" lang=\"fr\" class=\"wpml-ls-link\" aria-current=\"page\" aria-label=\"Passer \u00e0 Fran\u00e7ais\" title=\"Passer \u00e0 Fran\u00e7ais\">\n\t\t\t\t\t<span class=\"wpml-ls-native\">Fran\u00e7ais<\/span><\/a>\n\t\t\t<\/li><\/ul>\n<\/div>\n\n<p><strong>Contact:<\/strong><br \/>\nE-mail : online[at]janbode.de<br \/>\nT\u00e9l\u00e9phone : +49 . 30 . 47 38 51 96<br \/>\nHome : www.janbode.de<\/p>\n<p>Responsable pour le contenu de cette page: Jan Bode<\/p>\n<h6><b>1. D\u00e9gagement de la responsabilit\u00e9<\/b><\/h6>\n<p><strong>Responsabilit\u00e9 du contenu<\/strong><br \/>\nNous nous donnons du mal concernant le contenu de notre page. Malgr\u00e9 un soigneux traitment une responsabilit\u00e9 de notre part n\u00b4est pas possible.<\/p>\n<p>Comme fournisseurs de services selon \u00a7 7 al. 1 TMG nous sommes responsables de notre propre contenu sur ces pages conform\u00e9ment \u00e0 la loi g\u00e9n\u00e9rale.<\/p>\n<p>Selon \u00a7\u00a7 8 jusqu\u00b4\u00e0 10 TMG nous, cependant, ne sommes pas oblig\u00e9s comme fournisseurs de services de surveiller des informations communiqu\u00e9es ou des informations inconnues enregistr\u00e9es. Au cas o\u00f9 les contraventions s\u00b4\u00e9bruitent nous allons enlever ces contenus imm\u00e9diatement. Nous accepterons une responsabilit\u00e9 \u00e0 ce sujet seulement apr\u00e8s avoir pris note d\u00b4une contravention \u00e9ventuelle.<\/p>\n<p><strong>Responsabilit\u00e9 de liens<\/strong><br \/>\nNotre offre contient des liens aux sites web externes des tiers, qui ne sont pas soumis \u00e0 notre influence.<\/p>\n<p>En terme de contenu des sites mis en lieu le fournisseur ou l\u00b4op\u00e9rateur des sites porte chaque fois la responsabilit\u00e9. Nous ne r\u00e9pondons pas de l\u00b4exactitude des informations des sites web mis en lien des fournisseurs d\u00b4informations \u00e9trangers.<\/p>\n<p>Nous avons contr\u00f4l\u00e9 des sites mis en lien pendant le r\u00e9f\u00e9rencement concernant des violations \u00e9ventuelles du droit SANS RECLAMATION.<\/p>\n<p>Au cas o\u00f9 les contraventions s\u00b4\u00e9bruitent nous serons pr\u00eats d\u00b4enlever les liens de ce genre imm\u00e9diatement.<\/p>\n<h6><strong>2. Droit d\u00b4auteur<\/strong><\/h6>\n<p>Les contenus et les oevres sur ces pages con\u00e7us par les op\u00e9rateurs responsables des pages sont soumis au droit allemand d\u00b4auteur. Pour reproduction, traitment, propagation et chaque fa\u00e7on de l\u00b4utilisation en dehors des limites du droit de l\u00b4auteur un accord \u00e9crit de l\u00b4auteur ou le cr\u00e9ateur respectif est n\u00e9cessaire.<\/p>\n<h6><strong>3. Protection des donn\u00e9es<\/strong><\/h6>\n<p>Nous attirons l\u00b4attention sur le fait que la transmission de donn\u00e9es sur l\u00b4internet (p. ex. pendant la communication par message \u00e9l\u00e9ctronique peut accuser des failles de s\u00e9curit\u00e9. Nous ne sommes pas en mesure de garantir une protection compl\u00e8te de donn\u00e9es concernant l\u00b4acc\u00e8s par tiers. Nous pouvons assurer confidentialit\u00e9 en vue de la r\u00e9glementation sur la protection de donn\u00e9es justement avec restriction. En particulier tous communications de donn\u00e9es relatives aux personnes doivent avoir lieu via l\u00b4internet seulement pour autant que les droits de tiers restent intacts.<\/p>\n<p>A moins que le tiers a aussi declar\u00e9 son accord tout en sachant pertinemment qu\u00b4il y a des failles pr\u00e9c\u00e9dentes de s\u00e9curit\u00e9. Une responsabilit\u00e9 de l\u00b4op\u00e9rateur de la site des dommages ou demandes tendant \u00e0 sanctionner le trouble actuel caus\u00e9s par telles failles de s\u00e9curit\u00e9 est exclue.<\/p>\n<p>Nous sommes en contradiction avec l\u00b4exploitation de tous les coordon\u00e9es publi\u00e9es par tiers pour la transmission de la publicit\u00e9 pas explicitement demand\u00e9e.<br \/>\nLes op\u00e9rateurs de sites se r\u00e9servent explicitement des d\u00e9marches juridiques en cas de l\u00b4envoi non-demand\u00e9 d\u00b4informations \u00e9tant attach\u00e9es \u00e0 la publicit\u00e9, par exemple par des pourriels.<\/p>\n<h6><strong>4. Validit\u00e9 juridique de la pr\u00e9sente exclusion de responsabilit\u00e9<\/strong><\/h6>\n<p>La pr\u00e9sente exclusion de responsabilit\u00e9 doit \u00eatre consid\u00e9r\u00e9e comme faisant partie int\u00e9grante du site Web mentionn\u00e9 dans le pr\u00e9sent document. Au cas o\u00f9 des parties ou des libell\u00e9s individuels de ce texte ne devaient pas ou plus correspondre int\u00e9gralement au r\u00e9gime juridique en vigueur, le contenu et la validit\u00e9 des autres parties du document ne sont pas touch\u00e9s.<\/p>\n<p>Source : S&amp;K Rechtsanw\u00e4lte &#8211; www.streifler.de<\/p>\n","protected":false},"excerpt":{"rendered":"<p>Contact: E-mail : online[at]janbode.de T\u00e9l\u00e9phone : +49 . 30 . 47 38 51 96 Home : www.janbode.de Responsable pour le contenu de cette page: Jan Bode 1. D\u00e9gagement de la responsabilit\u00e9 Responsabilit\u00e9 du contenu Nous nous donnons du mal concernant le contenu de notre page. Malgr\u00e9 un soigneux traitment une responsabilit\u00e9 de notre part n\u00b4est<\/p>\n","protected":false},"author":1,"featured_media":0,"parent":0,"menu_order":0,"comment_status":"closed","ping_status":"closed","template":"","meta":{"pgc_sgb_lightbox_settings":"","footnotes":""},"class_list":["post-410","page","type-page","status-publish","hentry"],"_links":{"self":[{"href":"https:\/\/www.janbode.de\/fr\/wp-json\/wp\/v2\/pages\/410","targetHints":{"allow":["GET"]}}],"collection":[{"href":"https:\/\/www.janbode.de\/fr\/wp-json\/wp\/v2\/pages"}],"about":[{"href":"https:\/\/www.janbode.de\/fr\/wp-json\/wp\/v2\/types\/page"}],"author":[{"embeddable":true,"href":"https:\/\/www.janbode.de\/fr\/wp-json\/wp\/v2\/users\/1"}],"replies":[{"embeddable":true,"href":"https:\/\/www.janbode.de\/fr\/wp-json\/wp\/v2\/comments?post=410"}],"version-history":[{"count":3,"href":"https:\/\/www.janbode.de\/fr\/wp-json\/wp\/v2\/pages\/410\/revisions"}],"predecessor-version":[{"id":1639,"href":"https:\/\/www.janbode.de\/fr\/wp-json\/wp\/v2\/pages\/410\/revisions\/1639"}],"wp:attachment":[{"href":"https:\/\/www.janbode.de\/fr\/wp-json\/wp\/v2\/media?parent=410"}],"curies":[{"name":"wp","href":"https:\/\/api.w.org\/{rel}","templated":true}]}}