{"id":407,"date":"2018-03-15T22:07:22","date_gmt":"2018-03-15T21:07:22","guid":{"rendered":"http:\/\/www.janbode.de\/?page_id=407"},"modified":"2021-01-07T14:46:41","modified_gmt":"2021-01-07T13:46:41","slug":"407-2","status":"publish","type":"page","link":"https:\/\/www.janbode.de\/de\/407-2\/","title":{"rendered":"Impressum &#038; Disclaimer"},"content":{"rendered":"\n<div role=\"navigation\" aria-label=\"Sprachwechsler\" class=\"wpml-ls-statics-footer wpml-ls wpml-ls-legacy-list-horizontal\">\n\t<ul><li class=\"wpml-ls-slot-footer wpml-ls-item wpml-ls-item-en wpml-ls-first-item wpml-ls-item-legacy-list-horizontal\">\n\t\t\t\t<a href=\"https:\/\/www.janbode.de\/\" hreflang=\"en\" lang=\"en\" class=\"wpml-ls-link\" aria-label=\"Wechseln zu English\" title=\"Wechseln zu English\">\n\t\t\t\t\t<span class=\"wpml-ls-native\">English<\/span><\/a>\n\t\t\t<\/li><li class=\"wpml-ls-slot-footer wpml-ls-item wpml-ls-item-de wpml-ls-current-language wpml-ls-item-legacy-list-horizontal\">\n\t\t\t\t<a href=\"https:\/\/www.janbode.de\/de\/\" hreflang=\"de\" lang=\"de\" class=\"wpml-ls-link\" aria-current=\"page\" aria-label=\"Wechseln zu Deutsch\" title=\"Wechseln zu Deutsch\">\n\t\t\t\t\t<span class=\"wpml-ls-native\">Deutsch<\/span><\/a>\n\t\t\t<\/li><li class=\"wpml-ls-slot-footer wpml-ls-item wpml-ls-item-fr wpml-ls-last-item wpml-ls-item-legacy-list-horizontal\">\n\t\t\t\t<a href=\"https:\/\/www.janbode.de\/fr\/\" hreflang=\"fr\" lang=\"fr\" class=\"wpml-ls-link\" aria-label=\"Wechseln zu Fran\u00e7ais\" title=\"Wechseln zu Fran\u00e7ais\">\n\t\t\t\t\t<span class=\"wpml-ls-native\">Fran\u00e7ais<\/span><\/a>\n\t\t\t<\/li><\/ul>\n<\/div>\n\n<p>Angaben gem\u00e4\u00df \u00a7 5 TMG<\/p>\n<p><strong>Kontakt<\/strong><br \/>\nMail: online[at]janbode.de<br \/>\nTel: +49 . 30 . 47 38 51 96<br \/>\nWeb: www.janbode.de<\/p>\n<p lang=\"en-GB\">Inhaltlich Verantwortlich gem\u00e4\u00df \u00a7 MDStV: Jan Bode<\/p>\n<h6>1. Haftungsausschluss<\/h6>\n<h6><strong> Haftung f\u00fcr Inhalte<\/strong><\/h6>\n<p>Die Inhalte unserer Seiten wurden mit gr\u00f6\u00dfter Sorgfalt erstellt. F\u00fcr die Richtigkeit, Vollst\u00e4ndigkeit und Aktualit\u00e4t der Inhalte k\u00f6nnen wir jedoch keine Gew\u00e4hr \u00fcbernehmen. Als Diensteanbieter sind wir gem\u00e4\u00df \u00a7 7 Abs.1 TMG f\u00fcr eigene Inhalte auf diesen Seiten nach den allgemeinen Gesetzen verantwortlich. Nach \u00a7\u00a7 8 bis 10 TMG sind wir als Diensteanbieter jedoch nicht verpflichtet, \u00fcbermittelte oder gespeicherte fremde Informationen zu \u00fcberwachen oder nach Umst\u00e4nden zu forschen, die auf eine rechtswidrige T\u00e4tigkeit hinweisen. Verpflichtungen zur Entfernung oder Sperrung der Nutzung von Informationen nach den allgemeinen Gesetzen bleiben hiervon unber\u00fchrt. Eine diesbez\u00fcgliche Haftung ist jedoch erst ab dem Zeitpunkt der Kenntnis einer konkreten Rechtsverletzung m\u00f6glich. Bei Bekanntwerden von entsprechenden Rechtsverletzungen werden wir diese Inhalte umgehend entfernen.<\/p>\n<h6><strong>Haftung f\u00fcr Links<\/strong><\/h6>\n<p>Unser Angebot enth\u00e4lt Links zu externen Webseiten Dritter, auf deren Inhalte wir keinen Einfluss haben. Deshalb k\u00f6nnen wir f\u00fcr diese fremden Inhalte auch keine Gew\u00e4hr \u00fcbernehmen. F\u00fcr die Inhalte der verlinkten Seiten ist stets der jeweilige Anbieter oder Betreiber der Seiten verantwortlich. Die verlinkten Seiten wurden zum Zeitpunkt der Verlinkung auf m\u00f6gliche Rechtsverst\u00f6\u00dfe \u00fcberpr\u00fcft. Rechtswidrige Inhalte waren zum Zeitpunkt der Verlinkung nicht erkennbar. Eine permanente inhaltliche Kontrolle der verlinkten Seiten ist jedoch ohne konkrete Anhaltspunkte einer Rechtsverletzung nicht zumutbar. Bei Bekanntwerden von Rechtsverletzungen werden wir derartige Links umgehend entfernen.<\/p>\n<h6>2. Urheberrecht<\/h6>\n<p>Die durch die Seitenbetreiber erstellten bzw. verwendeten Inhalte und Werke auf diesen Seiten unterliegen dem deutschen Urheberrecht. Die Vervielf\u00e4ltigung, Bearbeitung, Verbreitung und jede Art der Verwertung au\u00dferhalb der Grenzen des Urheberrechtes bed\u00fcrfen der Zustimmung des jeweiligen Autors bzw. Erstellers. Downloads und Kopien dieser Seite sind nur f\u00fcr den privaten, nicht kommerziellen Gebrauch gestattet. Soweit die Inhalte auf dieser Seite nicht vom Betreiber erstellt wurden, werden die Urheberrechte Dritter beachtet. Insbesondere werden Inhalte Dritter als solche gekennzeichnet. Sollten Sie trotzdem auf eine Urheberrechtsverletzung aufmerksam werden, bitten wir um einen entsprechenden Hinweis. Bei Bekanntwerden von Rechtsverletzungen werden wir derartige Inhalte umgehend entfernen.<\/p>\n<h6>3. Datenschutzerkl\u00e4rung<\/h6>\n<h6><strong>Allgemeines<\/strong><\/h6>\n<p>Diese Datenschutzerkl\u00e4rung bezieht sich nur auf unsere Webseiten. Falls Du \u00fcber Links auf unseren Seiten auf andere Seiten weitergeleitet wirst, informiere Dich bitte dort \u00fcber den jeweiligen Umgang mit Deinen Daten.<\/p>\n<p>Wir weisen darauf hin, dass die Daten\u00fcbertragung im Internet (z.B. bei der Kommunikation per E-Mail) Sicherheitsl\u00fccken aufweisen kann. Ein l\u00fcckenloser Schutz der Daten vor dem Zugriff durch Dritte ist nicht m\u00f6glich. Eine Vertraulichkeit im Hinblick auf die Datenschutzbestimmungen wird nur unter der vorstehenden Einschr\u00e4nkung gew\u00e4hrleistet. Insbesondere sollen alle Mitteilungen von personenbezogenen Daten \u00fcber das Internet nur erfolgen, soweit nicht Rechte Dritter ber\u00fchrt werden. Es sei denn der Dritte hat in Kenntnis der vorstehenden Sicherheitsl\u00fccken ebenfalls seine Zustimmung erkl\u00e4rt. Eine Haftung des Seitenbetreibers wird f\u00fcr die durch solche Sicherheitsl\u00fccken entstehenden Sch\u00e4den oder Unterlassungsanspr\u00fcche ausgeschlossen.<\/p>\n<p>Die Verwendung der Kontaktdaten des Impressums zur gewerblichen Werbung ist ausdr\u00fccklich nicht erw\u00fcnscht, es sei denn der Anbieter hatte zuvor seine schriftliche Einwilligung erteilt oder es besteht bereits eine Gesch\u00e4ftsbeziehung. Der Anbieter und alle auf dieser Website genannten Personen widersprechen hiermit jeder kommerziellen Verwendung und Weitergabe ihrer Daten.<\/p>\n<h6>Welche personenbezogenen Daten wir sammeln und warum wir sie sammeln<\/h6>\n<h6>Kommentare<\/h6>\n<p>Wenn Besucher Kommentare auf der Website schreiben, sammeln wir die Daten, die im Kommentar-Formular angezeigt werden, au\u00dferdem die IP-Adresse des Besuchers und den User-Agent-String (damit wird der Browser identifiziert), um die Erkennung von Spam zu unterst\u00fctzen.<\/p>\n<p>Aus deiner E-Mail-Adresse kann eine anonymisierte Zeichenfolge erstellt (auch Hash genannt) und dem Gravatar-Dienst \u00fcbergeben werden, um zu pr\u00fcfen, ob du diesen benutzt. Die Datenschutzerkl\u00e4rung des Gravatar-Dienstes findest du hier: https:\/\/automattic.com\/privacy\/. Nachdem dein Kommentar freigegeben wurde, ist dein Profilbild \u00f6ffentlich im Kontext deines Kommentars sichtbar.<\/p>\n<h6>Medien<\/h6>\n<p>Wenn Du ein registrierter Benutzer bist und Fotos auf diese Website l\u00e4dst, solltest Du vermeiden, Fotos mit einem EXIF-GPS-Standort hochzuladen. Besucher dieser Website k\u00f6nnten Fotos, die auf dieser Website gespeichert sind, herunterladen und deren Standort-Informationen extrahieren.<\/p>\n<h6>Cookies<\/h6>\n<p>Zur Optimierung unseres Internetauftritts setzen wir Cookies ein. Es handelt sich dabei um kleine Textdateien, die im Arbeitsspeicher Ihres Computers gespeichert werden. Diese Cookies werden nach dem Schlie\u00dfen des Browsers wieder gel\u00f6scht. Andere Cookies verbleiben auf Ihrem Rechner (Langzeit-Cookies) und erkennen ihn beim n\u00e4chsten Besuch wieder. Dadurch k\u00f6nnen wir Dir einen besseren Zugang auf unsere Seite erm\u00f6glichen.<br \/>\nDas Speichern von Cookies kannst Du verhindern, indem Du in Deinem Browser-Einstellungen &#8222;Cookies blockieren&#8220; w\u00e4hlen.<\/p>\n<p>Wenn du einen Kommentar auf unserer Website schreibst, kann das eine Einwilligung sein, deinen Namen, E-Mail-Adresse und Website in Cookies zu speichern. Dies ist eine Komfortfunktion, damit du nicht, wenn du einen weiteren Kommentar schreibst, all diese Daten erneut eingeben musst. Diese Cookies werden ein Jahr lang gespeichert.<\/p>\n<p>Falls Du ein Konto hast und dich auf dieser Website anmeldest, werden wir ein tempor\u00e4res Cookie setzen, um festzustellen, ob dein Browser Cookies akzeptiert. Dieses Cookie enth\u00e4lt keine personenbezogenen Daten und wird verworfen, wenn du deinen Browser schlie\u00dft.<\/p>\n<p>Wenn Du dich anmeldest, werden wir einige Cookies einrichten, um deine Anmeldeinformationen und Anzeigeoptionen zu speichern. Anmelde-Cookies verfallen nach zwei Tagen und Cookies f\u00fcr die Anzeigeoptionen nach einem Jahr. Falls du bei der Anmeldung \u201eAngemeldet bleiben\u201c ausw\u00e4hlst, wird deine Anmeldung zwei Wochen lang aufrechterhalten. Mit der Abmeldung aus deinem Konto werden die Anmelde-Cookies gel\u00f6scht.<\/p>\n<p>Wenn Du einen Artikel bearbeitest oder ver\u00f6ffentlichst, wird ein zus\u00e4tzlicher Cookie in deinem Browser gespeichert. Dieser Cookie enth\u00e4lt keine personenbezogenen Daten und verweist nur auf die Beitrags-ID des Artikels, den du gerade bearbeitet hast. Der Cookie verf\u00e4llt nach einem Tag.<\/p>\n<h6>Eingebettete Inhalte von anderen Websites<\/h6>\n<p>Beitr\u00e4ge auf dieser Website k\u00f6nnen eingebettete Inhalte beinhalten (z.\u00a0B. Videos, Bilder, Beitr\u00e4ge etc.). Eingebettete Inhalte von anderen Websites verhalten sich exakt so, als ob der Besucher die andere Website besucht h\u00e4tte.<\/p>\n<p>Diese Websites k\u00f6nnen Daten \u00fcber dich sammeln, Cookies benutzen, zus\u00e4tzliche Tracking-Dienste von Dritten einbetten und deine Interaktion mit diesem eingebetteten Inhalt aufzeichnen, inklusive deiner Interaktion mit dem eingebetteten Inhalt, falls du ein Konto hast und auf dieser Website angemeldet bist.<\/p>\n<h6>Mit wem wir deine Daten teilen<\/h6>\n<p>Wir geben Deine Daten nicht aktiv weiter und teilen sie auch mit niemanden.<\/p>\n<h6>Wie lange wir deine Daten speichern<\/h6>\n<p>Wenn Du einen Kommentar schreibst, wird dieser inklusive Metadaten zeitlich unbegrenzt gespeichert. Auf diese Art k\u00f6nnen wir Folgekommentare automatisch erkennen und freigeben, anstelle sie in einer Moderations-Warteschlange festzuhalten.<\/p>\n<p>F\u00fcr Benutzer, die sich auf unserer Website registrieren, speichern wir zus\u00e4tzlich die pers\u00f6nlichen Informationen, die sie in ihren Benutzerprofilen angeben. Alle Benutzer k\u00f6nnen jederzeit ihre pers\u00f6nlichen Informationen einsehen, ver\u00e4ndern oder l\u00f6schen (der Benutzername kann nicht ver\u00e4ndert werden). Administratoren der Website k\u00f6nnen diese Informationen ebenfalls einsehen und ver\u00e4ndern.<\/p>\n<h6>Welche Rechte du an deinen Daten hast<\/h6>\n<p>Wenn Du ein Konto auf dieser Website besitzt oder Kommentare geschrieben hast, kannst Du einen Export deiner personenbezogenen Daten bei uns anfordern, inklusive aller Daten, die Du uns mitgeteilt hast. Dar\u00fcber hinaus kannst Du die L\u00f6schung aller personenbezogenen Daten, die wir von Dir gespeichert haben, anfordern. Dies umfasst nicht die Daten, die wir aufgrund administrativer, rechtlicher oder sicherheitsrelevanter Notwendigkeiten aufbewahren m\u00fcssen. Bitte schreib uns einfach eine Mail an website[at]janbode.de.<\/p>\n<h6>Wohin wir deine Daten senden<\/h6>\n<p>Besucher-Kommentare k\u00f6nnten von einem automatisierten Dienst zur Spam-Erkennung untersucht werden.<\/p>\n<h6><strong>Newsletter<\/strong><\/h6>\n<p>Bei Anmeldung zum Newsletter wird Deine E-Mail-Adresse f\u00fcr eigene Werbezwecke genutzt, bis Sie sich vom Newsletter abmelden. Die Abmeldung ist jederzeit m\u00f6glich.<\/p>\n<h6>4. Rechtswirksamkeit dieses Haftungsausschlusses<\/h6>\n<p>Dieser Haftungsausschluss ist als Teil der Website zu betrachten, von dem aus auf diese Seite verwiesen wurde. Sofern Teile oder einzelne Formulierungen dieses Textes der geltenden Rechtslage nicht, nicht mehr oder nicht vollst\u00e4ndig entsprechen sollten, bleiben die \u00fcbrigen Teile des Dokumentes in ihrem Inhalt und ihrer G\u00fcltigkeit davon unber\u00fchrt.<\/p>\n<h6><strong>5. Bemerkung zur allgemeinen Gleichstellung:<\/strong><\/h6>\n<p>In den Texten wird meist nur eine Geschlechtsform gew\u00e4hlt um eine bessere Lesbarkeit zu gew\u00e4hrleisten. Davon unbeeinflusst beziehen sich die Angaben dieser Webseite auf alle Geschlechter.<\/p>\n<p><em>Dieser Disclaimer basiert auf: www.muster-vorlagen.net<\/em><\/p>\n","protected":false},"excerpt":{"rendered":"<p>Angaben gem\u00e4\u00df \u00a7 5 TMG Kontakt Mail: online[at]janbode.de Tel: +49 . 30 . 47 38 51 96 Web: www.janbode.de Inhaltlich Verantwortlich gem\u00e4\u00df \u00a7 MDStV: Jan Bode 1. Haftungsausschluss Haftung f\u00fcr Inhalte Die Inhalte unserer Seiten wurden mit gr\u00f6\u00dfter Sorgfalt erstellt. F\u00fcr die Richtigkeit, Vollst\u00e4ndigkeit und Aktualit\u00e4t der Inhalte k\u00f6nnen wir jedoch keine Gew\u00e4hr \u00fcbernehmen. Als<\/p>\n","protected":false},"author":1,"featured_media":0,"parent":0,"menu_order":0,"comment_status":"closed","ping_status":"closed","template":"","meta":{"pgc_sgb_lightbox_settings":"","footnotes":""},"class_list":["post-407","page","type-page","status-publish","hentry"],"_links":{"self":[{"href":"https:\/\/www.janbode.de\/de\/wp-json\/wp\/v2\/pages\/407","targetHints":{"allow":["GET"]}}],"collection":[{"href":"https:\/\/www.janbode.de\/de\/wp-json\/wp\/v2\/pages"}],"about":[{"href":"https:\/\/www.janbode.de\/de\/wp-json\/wp\/v2\/types\/page"}],"author":[{"embeddable":true,"href":"https:\/\/www.janbode.de\/de\/wp-json\/wp\/v2\/users\/1"}],"replies":[{"embeddable":true,"href":"https:\/\/www.janbode.de\/de\/wp-json\/wp\/v2\/comments?post=407"}],"version-history":[{"count":6,"href":"https:\/\/www.janbode.de\/de\/wp-json\/wp\/v2\/pages\/407\/revisions"}],"predecessor-version":[{"id":1641,"href":"https:\/\/www.janbode.de\/de\/wp-json\/wp\/v2\/pages\/407\/revisions\/1641"}],"wp:attachment":[{"href":"https:\/\/www.janbode.de\/de\/wp-json\/wp\/v2\/media?parent=407"}],"curies":[{"name":"wp","href":"https:\/\/api.w.org\/{rel}","templated":true}]}}