{"id":200,"date":"2018-03-13T01:25:02","date_gmt":"2018-03-13T00:25:02","guid":{"rendered":"http:\/\/www.janbode.de\/?page_id=200"},"modified":"2020-10-22T20:25:14","modified_gmt":"2020-10-22T18:25:14","slug":"share-snitch-project","status":"publish","type":"page","link":"https:\/\/www.janbode.de\/de\/video\/share-snitch-project\/","title":{"rendered":"Share Snitch Project"},"content":{"rendered":"\n<figure class=\"wp-block-embed-vimeo wp-block-embed is-type-video is-provider-vimeo wp-embed-aspect-4-3 wp-has-aspect-ratio\"><div class=\"wp-block-embed__wrapper\">\n<iframe loading=\"lazy\" title=\"The Share Snitch Project\" src=\"https:\/\/player.vimeo.com\/video\/124369537?dnt=1&amp;app_id=122963\" width=\"640\" height=\"468\" frameborder=\"0\" allow=\"autoplay; fullscreen\" allowfullscreen><\/iframe>\n<\/div><\/figure>\n\n\n\n<p><em><strong>Video<\/strong><br>3:20 Min<\/em><br><em>DV Pal<\/em><br><em>stereo \/ englisch<br>Deutschland 2009<br><\/em><\/p>\n\n\n<hr class=\"dashed3\" style=\"max-width:\">\n\n\n\n<div role=\"navigation\" aria-label=\"Sprachwechsler\" class=\"wpml-ls-statics-footer wpml-ls wpml-ls-legacy-list-horizontal\">\n\t<ul><li class=\"wpml-ls-slot-footer wpml-ls-item wpml-ls-item-en wpml-ls-first-item wpml-ls-item-legacy-list-horizontal\">\n\t\t\t\t<a href=\"https:\/\/www.janbode.de\/\" hreflang=\"en\" lang=\"en\" class=\"wpml-ls-link\" aria-label=\"Wechseln zu English\" title=\"Wechseln zu English\">\n\t\t\t\t\t<span class=\"wpml-ls-native\">English<\/span><\/a>\n\t\t\t<\/li><li class=\"wpml-ls-slot-footer wpml-ls-item wpml-ls-item-de wpml-ls-current-language wpml-ls-item-legacy-list-horizontal\">\n\t\t\t\t<a href=\"https:\/\/www.janbode.de\/de\/\" hreflang=\"de\" lang=\"de\" class=\"wpml-ls-link\" aria-current=\"page\" aria-label=\"Wechseln zu Deutsch\" title=\"Wechseln zu Deutsch\">\n\t\t\t\t\t<span class=\"wpml-ls-native\">Deutsch<\/span><\/a>\n\t\t\t<\/li><li class=\"wpml-ls-slot-footer wpml-ls-item wpml-ls-item-fr wpml-ls-last-item wpml-ls-item-legacy-list-horizontal\">\n\t\t\t\t<a href=\"https:\/\/www.janbode.de\/fr\/\" hreflang=\"fr\" lang=\"fr\" class=\"wpml-ls-link\" aria-label=\"Wechseln zu Fran\u00e7ais\" title=\"Wechseln zu Fran\u00e7ais\">\n\t\t\t\t\t<span class=\"wpml-ls-native\">Fran\u00e7ais<\/span><\/a>\n\t\t\t<\/li><\/ul>\n<\/div>\n\n\n\n\n<h2 class=\"wp-block-heading\">Synopsis:<\/h2>\n\n\n\n<p>SHARE SNITCH PROJECT zeigt drei Arbeiten eines Internetprojektes, bei dem auf YouTube gefundene Clips gegenw\u00e4rtiger Kriegsschaupl\u00e4tze mit Ausschnitten diverser Kriegsfilme und TV-Serien neu illustriert und unter identischen Namen wieder ins Internet gestellt werden. Seit ihrer Erscheinung konkurrieren sie mit ihren Originalen um Authentizit\u00e4t. (<a href=\"https:\/\/www.youtube.com\/user\/movieganda\" target=\"_blank\" rel=\"noopener noreferrer\">www.youtube.com\/movieganda<\/a>)<\/p>\n\n\n\n<p>Unterst\u00fctzt durch sogenannte USER BASED CONTENT SIDES, wie z.B. YOU TUBE, entwickelte sich Anfang des 21. Jahrhunderts ein partizipativer B\u00dcRGER-JOURNALISMUS, der im Internet direkt von der Graswurzel aus berichtete (aus dem Englischen: Grassroot-Journalism). Er stellte gerade im 3. Golfkrieg \/ 2. Irakkrieg eine Gegen\u00f6ffentlichkeit zur indoktrinierten Kriegsberichtertattung der offiziellen Medien her, die nach dem Vietnamkrieg durch das amerikanische Reglement des Pool-Systems uns zuvor lediglich gr\u00fcn phosphorisierende Nachtsichten, Milit\u00e4rkarten oder die letzten Videobilder ferngesteuerter Waffen aus dem Kriegsgebiet zeigten.<br>Dabei wurden nur ausgew\u00e4hlte Journalisten von der Armee an bestimmte Punkte des Kampfgebiets gebracht und durften dort unter Aufsicht filmen und recherchieren, um danach ihr Material mit den zur\u00fcckgebliebenen Kollegen zu teilen.<br>Auf Druck der Medienindustrie und einer ver\u00e4nderten heterogeneren Medienlandschaft, die mit der Gr\u00fcndung der arabischen Sender Al-Jazeera und Al-Arabija das bisherige Bildmonopol von CNN schw\u00e4chte, wurde das Modell des Embedded Journalism entwickelt. Nun konnten Journalisten oder Kamerateams nach einer kurzen milt\u00e4rischen Grundausbildung mit bestimmten zugeordneten Truppenteilen den gesamten Feldzug verbringen.<br>Zwar wurde hier der Informationsfluss wieder ein wenig liberalisiert, aber durch die Abh\u00e4ngigkeit und Solidarisierung mit den bisher anonymen Soldaten, wurde selbst erfahrenen Berichterstattern teilweise die Objektivit\u00e4t genommen.<\/p>\n\n\n\n<p>Im demokratischen System hat jeder B\u00fcrger ein Kommunikationsgrundrecht, dass besagt, dass er sowohl das Recht hat sich passiv zu informieren, als auch aktiv zur Meinungs- und Willensbildung beizutragen. Dabei war bisher aus praktischen Gesichtspunkten die Frage nach dem Medienzugang zu stellen. Denn eine aktive Beteiligung des einfachen B\u00fcrgers an der massenmedialen Kommunikation konnte bisher nur im Einzelfall oder indirekt durch die Wahl von Parteien oder Beteiligung an gesellschaftlichen Gruppierungen verwirklicht werden.<br>Seit der Weiterentwicklung des Internets zum WEB 2.0 und der Entstehung der oben genannten Internetportale hat nun jeder Besitzer eines Computers, Kamera oder Handys in Kombination mit einem Internetzugang die M\u00f6glichkeit massenmedial eine gro\u00dfe Anzahl von Usern rund um den Globus in relativ kurzer Zeit zu informieren. Insofern kann man durch die Liberalisierung des aktiven Medienzugangs zur Verbreitung von massenmedialer Information eine gesteigerte Demokratisierung der Berichtertattung implizieren, die eine objektivere Meinungsbildung unterst\u00fctzt und zu mehr Gerechtigkeit f\u00fchren kann.<br>Jedoch bedarf diese fantastische M\u00f6glichkeit einer gewissen Medienkompetenz und Verantwortung des Rezipienten, da dieser die rezipierte Information nicht nur durch seine selektive Wahrnehmung und eventuell vorgefasste Meinung unterschiedlich motiviert aufnimmt, sondern auch alleine seine Glaubw\u00fcrdigkeit beurteilen muss.<br>Eine schwierige Aufgabe, wenn man bedenkt, dass wir seit geraumer Zeit selbst bei den versucht objektiven Medien, wie der Zeitung oder dem Fernsehen zunehmend unbewusster Agitation unterliegen. Ist man hier normalerweise um eine strikte Trennung von Nachricht und Meinung bzw. Kommentar bem\u00fcht, ist z.B. bei genauerer Besch\u00e4ftigung mit amerikanischen Serien schon in den 80iger Jahren festzustellen, dass gerade diese nach dem Vietnamkrieg und der Watergate-Affaire im Unterhaltungsbereich des Fernsehens das amerikanische Image wieder Innen \u2013 und Aussenpolitisch aufzupolieren versuchten. (z.B. A-Team, Magnum, Airwolf sowie Night Rider mit der Foundation f\u00fcr Recht und Verfassung).<br>Eine Praxis, die durch die Professionalisierung von staatlicher \u00d6ffentlichkeitsarbeit und Kommunikationspolitik in den letzten Jahren noch verst\u00e4rkt wurde.<br>Im Internet kommt erschwerend hinzu, dass das anonyme Username basierte System von User Based Content Sides im Gegensatz zu den \u00f6ffentlichen Presseorganen keine Impressums- und Sorgfaltspflicht kennt. Ohne Kenntnis \u00fcber den Kommunikator einer Information ist im Kommunikationsprozess schon im Ansatz die Glaubw\u00fcrdigkeit einer Aussage schwer einsch\u00e4tzbar, da sogar scheinbar ungeschnittenes Videomaterial durch verbesserte Bildbearbeitungssoftware selbst im Amateurbereich glaubhaft leicht zu manipulieren ist.<\/p>\n\n\n<hr class=\"dashed3\" style=\"max-width:\">\n\n\n\n<h2 class=\"wp-block-heading\">Filmografie:<\/h2>\n\n\n\n<p>Jarhead, Sam Mendes (2005) \/ Full Metal Jacket, Stanley Kubrick (1987) \/ Airwolf, Donald P. Bellisario (1984-86) \/ Tal der W\u00f6lfe (Kurtlar Vadisi), Serda Arki (2006) \/ Tr\u00e4nen der Sonne (Tears of the Sun); Antoine Fuqua (2003) \/ 24, Joel Surnow &amp; Robert Cochran (since 2001) \/ Platoon, Oliver Stone (1986)<\/p>\n\n\n<hr class=\"dashed3\" style=\"max-width:\">\n\n\n\n<h2 class=\"wp-block-heading\">Originalvideos:<\/h2>\n\n\n\n<figure class=\"wp-block-embed-vimeo wp-block-embed is-type-video is-provider-vimeo wp-embed-aspect-4-3 wp-has-aspect-ratio\"><div class=\"wp-block-embed__wrapper\">\n<iframe loading=\"lazy\" title=\"The Share Snitch Project (Used original YouTube videos)\" src=\"https:\/\/player.vimeo.com\/video\/124372756?dnt=1&amp;app_id=122963\" width=\"640\" height=\"468\" frameborder=\"0\" allow=\"autoplay; fullscreen\" allowfullscreen><\/iframe>\n<\/div><\/figure>\n","protected":false},"excerpt":{"rendered":"<p>Video3:20 MinDV Palstereo \/ englischDeutschland 2009 Synopsis: SHARE SNITCH PROJECT zeigt drei Arbeiten eines Internetprojektes, bei dem auf YouTube gefundene Clips gegenw\u00e4rtiger Kriegsschaupl\u00e4tze mit Ausschnitten diverser Kriegsfilme und TV-Serien neu illustriert und unter identischen Namen wieder ins Internet gestellt werden. Seit ihrer Erscheinung konkurrieren sie mit ihren Originalen um Authentizit\u00e4t. (www.youtube.com\/movieganda) Unterst\u00fctzt durch sogenannte USER<\/p>\n","protected":false},"author":1,"featured_media":0,"parent":64,"menu_order":0,"comment_status":"closed","ping_status":"closed","template":"","meta":{"pgc_sgb_lightbox_settings":"","footnotes":""},"class_list":["post-200","page","type-page","status-publish","hentry"],"_links":{"self":[{"href":"https:\/\/www.janbode.de\/de\/wp-json\/wp\/v2\/pages\/200","targetHints":{"allow":["GET"]}}],"collection":[{"href":"https:\/\/www.janbode.de\/de\/wp-json\/wp\/v2\/pages"}],"about":[{"href":"https:\/\/www.janbode.de\/de\/wp-json\/wp\/v2\/types\/page"}],"author":[{"embeddable":true,"href":"https:\/\/www.janbode.de\/de\/wp-json\/wp\/v2\/users\/1"}],"replies":[{"embeddable":true,"href":"https:\/\/www.janbode.de\/de\/wp-json\/wp\/v2\/comments?post=200"}],"version-history":[{"count":5,"href":"https:\/\/www.janbode.de\/de\/wp-json\/wp\/v2\/pages\/200\/revisions"}],"predecessor-version":[{"id":1152,"href":"https:\/\/www.janbode.de\/de\/wp-json\/wp\/v2\/pages\/200\/revisions\/1152"}],"up":[{"embeddable":true,"href":"https:\/\/www.janbode.de\/de\/wp-json\/wp\/v2\/pages\/64"}],"wp:attachment":[{"href":"https:\/\/www.janbode.de\/de\/wp-json\/wp\/v2\/media?parent=200"}],"curies":[{"name":"wp","href":"https:\/\/api.w.org\/{rel}","templated":true}]}}