{"id":193,"date":"2018-03-13T01:08:11","date_gmt":"2018-03-13T00:08:11","guid":{"rendered":"http:\/\/www.janbode.de\/?page_id=193"},"modified":"2020-10-23T01:29:52","modified_gmt":"2020-10-22T23:29:52","slug":"copycatpack-2-0","status":"publish","type":"page","link":"https:\/\/www.janbode.de\/de\/video\/copycatpack-2-0\/","title":{"rendered":"CopyCat Pack 2.0"},"content":{"rendered":"\n<figure class=\"wp-block-embed-youtube wp-block-embed is-type-video is-provider-youtube wp-embed-aspect-16-9 wp-has-aspect-ratio\"><div class=\"wp-block-embed__wrapper\">\n<iframe loading=\"lazy\" title=\"CopyCat Pack 2.0\" width=\"1000\" height=\"563\" src=\"https:\/\/www.youtube.com\/embed\/S0GwwG3IAWE?feature=oembed\" frameborder=\"0\" allow=\"accelerometer; autoplay; clipboard-write; encrypted-media; gyroscope; picture-in-picture\" allowfullscreen><\/iframe>\n<\/div><\/figure>\n\n\n\n<p><em><strong>Video<\/strong><\/em><br><em> 4:55 Min<br>1 Kanal \/ Splitscreen (25) \/ HD 1080p<\/em><br><em> stereo, englisch<\/em><br><em> Deutschland 2010<\/em><\/p>\n\n\n<hr class=\"dashed3\" style=\"max-width:\">\n\n\n\n<p><\/p>\n\n\n\n<figure class=\"wp-block-image size-large\"><img decoding=\"async\" src=\"http:\/\/www.janbode.de\/wp-content\/uploads\/2020\/10\/JanBode_CopyCatPack_VideoInstallation-1024x266.jpg\" alt=\"\" class=\"wp-image-1314\"\/><\/figure>\n\n\n\n<p><em><strong>Videoinstallation<\/strong><br>4:55 Min<\/em><br><em>3-Kanal \/ Splitcreen (75) \/ HD 1080p<\/em><br><em>Dolby Digital 5.1 \/ englisch<\/em><\/p>\n\n\n<hr class=\"dashed3\" style=\"max-width:\">\n\n\n\n<div role=\"navigation\" aria-label=\"Sprachwechsler\" class=\"wpml-ls-statics-footer wpml-ls wpml-ls-legacy-list-horizontal\">\n\t<ul><li class=\"wpml-ls-slot-footer wpml-ls-item wpml-ls-item-en wpml-ls-first-item wpml-ls-item-legacy-list-horizontal\">\n\t\t\t\t<a href=\"https:\/\/www.janbode.de\/\" hreflang=\"en\" lang=\"en\" class=\"wpml-ls-link\" aria-label=\"Wechseln zu English\" title=\"Wechseln zu English\">\n\t\t\t\t\t<span class=\"wpml-ls-native\">English<\/span><\/a>\n\t\t\t<\/li><li class=\"wpml-ls-slot-footer wpml-ls-item wpml-ls-item-de wpml-ls-current-language wpml-ls-item-legacy-list-horizontal\">\n\t\t\t\t<a href=\"https:\/\/www.janbode.de\/de\/\" hreflang=\"de\" lang=\"de\" class=\"wpml-ls-link\" aria-current=\"page\" aria-label=\"Wechseln zu Deutsch\" title=\"Wechseln zu Deutsch\">\n\t\t\t\t\t<span class=\"wpml-ls-native\">Deutsch<\/span><\/a>\n\t\t\t<\/li><li class=\"wpml-ls-slot-footer wpml-ls-item wpml-ls-item-fr wpml-ls-last-item wpml-ls-item-legacy-list-horizontal\">\n\t\t\t\t<a href=\"https:\/\/www.janbode.de\/fr\/\" hreflang=\"fr\" lang=\"fr\" class=\"wpml-ls-link\" aria-label=\"Wechseln zu Fran\u00e7ais\" title=\"Wechseln zu Fran\u00e7ais\">\n\t\t\t\t\t<span class=\"wpml-ls-native\">Fran\u00e7ais<\/span><\/a>\n\t\t\t<\/li><\/ul>\n<\/div>\n\n\n\n\n<h2 class=\"wp-block-heading\">Synopsis:<\/h2>\n\n\n\n<p>Die 14-j\u00e4hrige THE SINGING STAR aus den USA singt Playback, VASSLI aus Norwegen schreit gleich selbst ins Mikro. W\u00e4hrend der belgische BUILDING C brav die Gitarre zupft, findet sich langsam auch der Rest der User ein. Die Community ist komplett und das franz\u00f6sische M\u00e4nner-Duo JKINGJULIEN f\u00fchren selbstsicher ihre einstudierte Tanzperformance auf. Die 12-j\u00e4hrigen Freundinnen JELLY BEAN JAYDEN \u00fcben hingegen noch in ihrem Zimmer, um den DAFT BODIES-Girls ebenfalls eine Video-Response zukommen zu lassen.<br>COPYCAT PACK 2.0 ist eine Video-Collage von 86 (31 &#8211; screening version)aufeinander synchronisierten YOUTUBE-Videos, deren Protagonisten den Song HARDER, BETTER, FASTER, STRONGER der franz\u00f6sischen Elektro-Band DAFT PUNK choreographieren.<\/p>\n\n\n\n<p>Seit nunmehr \u00fcber zwei Jahren wachsen im sogenannten Web 2.0 Internet-Communities wie YOUTUBE, MYSPACE oder SECOND LIFE. In ihnen k\u00f6nnen die einzelnen User individualisierte Accounts zu Selbstdarstellungen oder g\u00e4nzlich neuen Identit\u00e4ten gestalten, die ihnen die M\u00f6glichkeit geben, mit einem dispersem Publikum zu kommunizieren.<br>In der Arbeit COPYCAT PACK 2.0 sind 31 von ca. 350 gesammelten Videos zu sehen, welche unter dem Suchbegriff HARDER BETTER FASTER STRONGER auf der Internetplattform YOUTUBE gesichtet und heruntergeladen wurden.<br>Bei den einzelnen Videos handelt es sich meist um narzisstische oder ironische Selbstinszinierungen. Dabei werden einstudierte F\u00e4higkeiten zur Schau gestellt oder gew\u00fcnschte Selbstbildnisse vermittelt, die von der Community m\u00f6glichst positiv rezipiert werden sollen.<br>Philosophen wie HEGEL oder HOBBES h\u00e4tten bei ihren Forschungen zum NATURZUSTAND des Menschen mit Sicherheit neue Entdeckungen an diesem anarchistischen CALL AND RESPONSE nach Anerkennung machen k\u00f6nnen. Heute nutzen Marktforschungsinstitute die FACEBOOKS der Gesellschaft f\u00fcr modernere Zwecke.<br>Der Kommunikator n\u00e4hrt dabei des Rezipienten genuine Neugier am virtuellen Gegen\u00fcber. Fasziniert erh\u00e4lt er einen scheinbar unbeobachteten und intimen Einblick in die Privatsph\u00e4re, der ihm in der Realit\u00e4t meist verwehrt bleibt.<br>Bei genauerer Betrachtung gew\u00e4hren die einzelnen Videos einen mittelbaren Blick auf Charakter, Alter, Herkunft und sozialen Status, bei dem der Sender Gefahr l\u00e4uft, dass sein konstruiertes Bildnis zum Abbild seines realen Selbst wird, dessen Unzul\u00e4nglichkeiten er im wahren Leben oftmals peinlichst zu verbergen versucht.<br>Einmal hoch geladen, wird das einst private Video zum Allgemeingut. Dabei verliert der Urheber den Einfluss auf Ver\u00f6ffentlichung und Vervielf\u00e4ltigung seines Videos. Das Recht am eigenen Bild geht auf diese Weise, wenn auch nicht zwingend rechtlich, jedoch zumindest medial bedingt unwiderruflich verloren.<br>Transferiert man das Beschriebene auf das reale Leben, scheint dieser einhergehende Verlust der Kontrolle \u00fcber die Privatsph\u00e4re teilweise undenkbar.<br>Was ist der Grund f\u00fcr dieses differente Verhalten? Was unterscheidet den User von der Person &#8211; oder die Community von der Gesellschaft? Ist es die scheinbare Anonymit\u00e4t und \u00f6ffentliche Privatheit des World Wide Web oder liegt es an der habitualisierenden Wirkung des Mediums und dessen Eigengesetzm\u00e4\u00dfigkeiten, die durch nur einen Klick Absolution bei gleichgesinnten Usern verspricht?<br>Bewusst bedient sich die Videoarbeit COPYCAT PACK 2.0 der Gemeinschaft des SplitScreens und vermittelt so die Faszination des Web 2.0 mit all dessen verborgenen Gefahren.<\/p>\n\n\n<hr class=\"dashed3\" style=\"max-width:\">\n\n\n\n<h2 class=\"wp-block-heading\">Hintergrund:<\/h2>\n\n\n\n<p>Im Oktober 2001 ver\u00f6ffentlichte die franz\u00f6sische Elektro-Band DAFT PUNK auf ihrem Album<br>DISCOVERY den Song HARDER, BETTER, FASTER, STRONGER. Der Titel gleicht einer Zeile der bekannten Er\u00f6ffnungssequenz der Fernsehserie DER SECHS MILLIONEN DOLLAR MANN. Die Melodie basiert auf einem Sample des Liedes COLA BOTTLE BABY von EDWIN BIRDSONG.<br>Ausl\u00f6ser f\u00fcr den YOUTUBE-Buzz um den Song war ein am 6. Juni 2007 ver\u00f6ffentlichtes Video des Users AUSTIN HALL\u00b410, in dem er die einzelnen auf seine Finger und Handfl\u00e4chen geschriebenen Wortsilben des Liedtextes wie bei einem Playback durch einstudierte Handbewegungen synchron zum Songtext zusammensetzte.<br>AUSTIN HALL\u00b410 wurde daraufhin wegen der gro\u00dfen Popularit\u00e4t seines Videos im September 2007 bei der amerikanischen TV-Show ELLEN SHOW eingeladen, um sein Video dort live zu performen. Dies steigerte nochmalig den Bekanntheitsgrad des Videos und verschaffte dem<br>YOUTUBE-User einen Hauch von Ruhm.<br>Im Oktober ver\u00f6ffentlichten daraufhin zwei Amerikanerinnen die Video Response DAFT BODIES, in der sie mit beschrifteten Armen, Beinen und H\u00fcften choreographisch zum Song(-text) tanzen. Bewegungen und Kopfbedeckung erinnern dabei an einen Roboter und sind thematisch an das futuristische Musikvideo INTERSTELLAR 555 von Daft Punk angelehnt.<br>Von den beiden Videos inspiriert entstehen bis heute auf YOUTUBE unz\u00e4hlige Covers und Remakes, aus denen eine kleine stellvertretende Auswahl in der Arbeit COPYCAT PACK 2.0 zu sehen ist.<\/p>\n\n\n\n<p><\/p>\n","protected":false},"excerpt":{"rendered":"<p>Video 4:55 Min1 Kanal \/ Splitscreen (25) \/ HD 1080p stereo, englisch Deutschland 2010 Videoinstallation4:55 Min3-Kanal \/ Splitcreen (75) \/ HD 1080pDolby Digital 5.1 \/ englisch Synopsis: Die 14-j\u00e4hrige THE SINGING STAR aus den USA singt Playback, VASSLI aus Norwegen schreit gleich selbst ins Mikro. W\u00e4hrend der belgische BUILDING C brav die Gitarre zupft, findet<\/p>\n","protected":false},"author":1,"featured_media":0,"parent":64,"menu_order":0,"comment_status":"closed","ping_status":"closed","template":"","meta":{"pgc_sgb_lightbox_settings":"","footnotes":""},"class_list":["post-193","page","type-page","status-publish","hentry"],"_links":{"self":[{"href":"https:\/\/www.janbode.de\/de\/wp-json\/wp\/v2\/pages\/193","targetHints":{"allow":["GET"]}}],"collection":[{"href":"https:\/\/www.janbode.de\/de\/wp-json\/wp\/v2\/pages"}],"about":[{"href":"https:\/\/www.janbode.de\/de\/wp-json\/wp\/v2\/types\/page"}],"author":[{"embeddable":true,"href":"https:\/\/www.janbode.de\/de\/wp-json\/wp\/v2\/users\/1"}],"replies":[{"embeddable":true,"href":"https:\/\/www.janbode.de\/de\/wp-json\/wp\/v2\/comments?post=193"}],"version-history":[{"count":11,"href":"https:\/\/www.janbode.de\/de\/wp-json\/wp\/v2\/pages\/193\/revisions"}],"predecessor-version":[{"id":1317,"href":"https:\/\/www.janbode.de\/de\/wp-json\/wp\/v2\/pages\/193\/revisions\/1317"}],"up":[{"embeddable":true,"href":"https:\/\/www.janbode.de\/de\/wp-json\/wp\/v2\/pages\/64"}],"wp:attachment":[{"href":"https:\/\/www.janbode.de\/de\/wp-json\/wp\/v2\/media?parent=193"}],"curies":[{"name":"wp","href":"https:\/\/api.w.org\/{rel}","templated":true}]}}