{"id":103,"date":"2018-03-12T23:28:55","date_gmt":"2018-03-12T22:28:55","guid":{"rendered":"http:\/\/www.janbode.de\/?page_id=103"},"modified":"2020-10-22T20:08:36","modified_gmt":"2020-10-22T18:08:36","slug":"yo-adrian-i-did-it","status":"publish","type":"page","link":"https:\/\/www.janbode.de\/de\/video\/yo-adrian-i-did-it\/","title":{"rendered":"Yo Adrian, I did it!"},"content":{"rendered":"\n<figure class=\"wp-block-embed-vimeo wp-block-embed is-type-video is-provider-vimeo wp-embed-aspect-16-9 wp-has-aspect-ratio\"><div class=\"wp-block-embed__wrapper\">\n<iframe loading=\"lazy\" title=\"Yo Adrian, I did it!\" src=\"https:\/\/player.vimeo.com\/video\/98154438?dnt=1&amp;app_id=122963\" width=\"1000\" height=\"563\" frameborder=\"0\" allow=\"autoplay; fullscreen\" allowfullscreen><\/iframe>\n<\/div><\/figure>\n\n\n\n<p><em><strong>Videoinstallation<\/strong><\/em><br><em> 3:36 min<br>3 Kanal, HD 1080p<\/em><br><em>Dolby Digital, deutsch<\/em><br><em>Deutschland, Niederlande 2011<\/em><\/p>\n\n\n\n<p><em>Die Arbeit wurde unterst\u00fctzt von TENT Rotterdam<\/em><\/p>\n\n\n<hr class=\"dashed3\" style=\"max-width:\">\n\n\n\n<div role=\"navigation\" aria-label=\"Sprachwechsler\" class=\"wpml-ls-statics-footer wpml-ls wpml-ls-legacy-list-horizontal\">\n\t<ul><li class=\"wpml-ls-slot-footer wpml-ls-item wpml-ls-item-en wpml-ls-first-item wpml-ls-item-legacy-list-horizontal\">\n\t\t\t\t<a href=\"https:\/\/www.janbode.de\/\" hreflang=\"en\" lang=\"en\" class=\"wpml-ls-link\" aria-label=\"Wechseln zu English\" title=\"Wechseln zu English\">\n\t\t\t\t\t<span class=\"wpml-ls-native\">English<\/span><\/a>\n\t\t\t<\/li><li class=\"wpml-ls-slot-footer wpml-ls-item wpml-ls-item-de wpml-ls-current-language wpml-ls-item-legacy-list-horizontal\">\n\t\t\t\t<a href=\"https:\/\/www.janbode.de\/de\/\" hreflang=\"de\" lang=\"de\" class=\"wpml-ls-link\" aria-current=\"page\" aria-label=\"Wechseln zu Deutsch\" title=\"Wechseln zu Deutsch\">\n\t\t\t\t\t<span class=\"wpml-ls-native\">Deutsch<\/span><\/a>\n\t\t\t<\/li><li class=\"wpml-ls-slot-footer wpml-ls-item wpml-ls-item-fr wpml-ls-last-item wpml-ls-item-legacy-list-horizontal\">\n\t\t\t\t<a href=\"https:\/\/www.janbode.de\/fr\/\" hreflang=\"fr\" lang=\"fr\" class=\"wpml-ls-link\" aria-label=\"Wechseln zu Fran\u00e7ais\" title=\"Wechseln zu Fran\u00e7ais\">\n\t\t\t\t\t<span class=\"wpml-ls-native\">Fran\u00e7ais<\/span><\/a>\n\t\t\t<\/li><\/ul>\n<\/div>\n\n\n\n\n<h2 class=\"wp-block-heading\">Synopsis<\/h2>\n\n\n\n<p>Als w\u00fcrde Rocky sein(e f\u00fcnf Film-)Leben noch einmal vor dem Spiegel durchgehen und all die K\u00e4mpfe res\u00fcmieren, hat Jan Bode ein resigniertes bis verzweifeltes Rechtfertigungsdrama aufgef\u00fchrt. Es sind nicht die K\u00e4mpfe im Ring, sondern die, die ihn zum Kampf im Ring gef\u00fchrt haben. \u201eIch muss tun, was ich tun muss\u201c hei\u00dft es am Ende des ersten von f\u00fcnf Epilogen. Rocky also hat einen Auftrag, eine Bestimmung. Hat er ihn erf\u00fcllt, wenn es hei\u00dft: \u201cYo, Adrian, I did it!\u201d<\/p>\n\n\n\n<p>Die Videoinstallation von Jan Bode basiert auf der Filmreihe Rocky Balboa, 1976\/79\/82\/85\/90. Rocky ist die Hauptfigur, Jan Bode spricht ihn selbst im mittleren Bildschirm. Adrian Pennino Balboa, seine Frau, Apollo Creed in der Rolle seines ehemaligen Konkurrenten, jetzt Trainers und Freund, sowie sein Herausforderer James \u201eClubber\u201c Lang reden, teilweise gleichzeitig, von rechts und links auf ihn ein. Auch diese wechselnden Rollen verk\u00f6rpert Jan Bode \u2013 und zeigt damit, wie sehr Rocky seine und auch die Rolle der anderen in sich tr\u00e4gt. So muss er im 5. Epilog einsehen, dass er letztlich allein ist \u2013 und bleiben soll? \u201eTu es, tu es nur f\u00fcr dich, f\u00fcr dich allein.\u201c<\/p>\n\n\n\n<p>Die Szenen, die Jan Bode ausgew\u00e4hlt hat, sind keine geraffte Zusammenfassung der Filme, sie besch\u00e4ftigen sich vielmehr ausschlie\u00dflich mit der Suche nach der Identit\u00e4t des Helden und dessen gesellschaftlich tradierter Geschlechterrolle als Mann. Es geht ihm um die mediale Inszenierung der Best\u00e4tigung in dieser Rolle durch die gleichzeitige Hinterfragung ihrer Aktualit\u00e4t in einer emanzipierten Gesellschaft. Denn die erwartet von ihren Neuen M\u00e4nnern schon l\u00e4ngst nicht mehr dieses veraltete M\u00e4nnerbild von H\u00e4rte, Konkurrenz und Poker-Face. Oder doch?<\/p>\n\n\n\n<p>Mit k\u00e4mpferischem Engagement f\u00fchrt er die Dialoge. Es ist, als wolle er sich fit machen. Gleichzeitig zerm\u00fcrbt ihn dieser innere Monolog, wenn er sp\u00fcrt und bekennt, dass er Angst hat, wenn er einsehen muss, dass er verloren hat: \u201eIch muss boxen \/ Ich kann sonst nichts.\u201c Immer wieder aber scheint auch eine Selbstgef\u00e4lligkeit auf, die die Hilflosigkeit und Tragik seines Kampfes deutlich werden l\u00e4sst \u2013 und ihm damit Recht gibt. \u201eWir sind K\u00e4mpfer \/ Ein Mann kann sich nicht \u00e4ndern \/ Wir k\u00f6nnen nur so leben wie wir sind.\u201c<\/p>\n\n\n\n<p>Worum eigentlich geht es in dem Kampf? Denn es ist nicht der materielle oder der Publikums-Erfolg, auch nicht der famili\u00e4re, den Rocky erzielen will, der ihn definiert und zufrieden stellt, es geht um Selbstbehauptung und einen imagin\u00e4ren Sieg gegen sich selbst, voller Anstrengungen und Schmerzen, um den Sieg \u00fcber einen vermeintlichen Besseren (Mann).<\/p>\n\n\n\n<p>\u201eWir haben nun mal keine andere Wahl. Wir sind mit dem Instinkt eines K\u00e4mpfers zur Welt gekommen. Den kann man nicht einfach abschalten. So wie ein zu lautes Radio. Wir m\u00fcssen uns immer wieder der Herausforderung stellen, denn wir sind K\u00e4mpfer.\u201c<\/p>\n\n\n\n<p>Da ist es wieder: der Mann als Mann ist seinem Schicksal ausgeliefert. Und so dreht sich das Hamsterrad der Selbstrechtfertigung \u2013 wie der Loop in diesem Monolog und verwischt dabei, wo der Anfang und das Ende, wo ein Anhalten ist. Oder doch? \u201eViele Menschen haben auch keine andere Wahl \u2013 ich schon.\u201c<\/p>\n\n\n\n<p>(Text: Bernhard Balkenhol)<\/p>\n\n\n\n<p><strong><hr class=\"dashed3\" style=\"max-width:\"><\/strong><\/p>\n\n\n\n<h2 class=\"wp-block-heading\">Quellen:<\/h2>\n\n\n\n<figure class=\"wp-block-embed-vimeo wp-block-embed is-type-video is-provider-vimeo wp-embed-aspect-16-9 wp-has-aspect-ratio\"><div class=\"wp-block-embed__wrapper\">\n<iframe loading=\"lazy\" title=\"Yo Adrian, I did it! (Used original scenes - german)\" src=\"https:\/\/player.vimeo.com\/video\/124372243?dnt=1&amp;app_id=122963\" width=\"640\" height=\"352\" frameborder=\"0\" allow=\"autoplay; fullscreen\" allowfullscreen><\/iframe>\n<\/div><\/figure>\n\n\n\n<p><em>Rocky II<\/em><br><em>Written and directed by Sylvester Stallone<\/em><br><em>(\u00a9 1979 by Chartoff-Winkler Productions \/ United Artists)<\/em><\/p>\n\n\n\n<p><em>Rocky III<\/em><br><em>Written and directed by Sylvester Stallone<\/em><br><em>(\u00a9 1982 by Chartoff-Winkler Productions \/ United Artists)<\/em><\/p>\n\n\n\n<p><em>Rocky IV<\/em><br><em>Written and directed by Sylvester Stallone<\/em><br><em>(\u00a9 1985 by Chartoff-Winkler Productions, Metro-Goldwyn-Mayer (MGM), United Artists)<\/em><\/p>\n","protected":false},"excerpt":{"rendered":"<p>Videoinstallation 3:36 min3 Kanal, HD 1080pDolby Digital, deutschDeutschland, Niederlande 2011 Die Arbeit wurde unterst\u00fctzt von TENT Rotterdam Synopsis Als w\u00fcrde Rocky sein(e f\u00fcnf Film-)Leben noch einmal vor dem Spiegel durchgehen und all die K\u00e4mpfe res\u00fcmieren, hat Jan Bode ein resigniertes bis verzweifeltes Rechtfertigungsdrama aufgef\u00fchrt. Es sind nicht die K\u00e4mpfe im Ring, sondern die, die ihn<\/p>\n","protected":false},"author":1,"featured_media":0,"parent":64,"menu_order":0,"comment_status":"closed","ping_status":"closed","template":"","meta":{"pgc_sgb_lightbox_settings":"","footnotes":""},"class_list":["post-103","page","type-page","status-publish","hentry"],"_links":{"self":[{"href":"https:\/\/www.janbode.de\/de\/wp-json\/wp\/v2\/pages\/103","targetHints":{"allow":["GET"]}}],"collection":[{"href":"https:\/\/www.janbode.de\/de\/wp-json\/wp\/v2\/pages"}],"about":[{"href":"https:\/\/www.janbode.de\/de\/wp-json\/wp\/v2\/types\/page"}],"author":[{"embeddable":true,"href":"https:\/\/www.janbode.de\/de\/wp-json\/wp\/v2\/users\/1"}],"replies":[{"embeddable":true,"href":"https:\/\/www.janbode.de\/de\/wp-json\/wp\/v2\/comments?post=103"}],"version-history":[{"count":44,"href":"https:\/\/www.janbode.de\/de\/wp-json\/wp\/v2\/pages\/103\/revisions"}],"predecessor-version":[{"id":1137,"href":"https:\/\/www.janbode.de\/de\/wp-json\/wp\/v2\/pages\/103\/revisions\/1137"}],"up":[{"embeddable":true,"href":"https:\/\/www.janbode.de\/de\/wp-json\/wp\/v2\/pages\/64"}],"wp:attachment":[{"href":"https:\/\/www.janbode.de\/de\/wp-json\/wp\/v2\/media?parent=103"}],"curies":[{"name":"wp","href":"https:\/\/api.w.org\/{rel}","templated":true}]}}